{"id":81,"date":"2024-01-17T12:00:39","date_gmt":"2024-01-17T12:00:39","guid":{"rendered":"https:\/\/svp-birmensdorf.ch\/?page_id=81"},"modified":"2024-01-17T12:02:32","modified_gmt":"2024-01-17T12:02:32","slug":"impressum-disclaimer","status":"publish","type":"page","link":"https:\/\/svp-birmensdorf.ch\/index.php\/impressum-disclaimer\/","title":{"rendered":"Impressum &#038; Disclaimer"},"content":{"rendered":"<!--themify_builder_content-->\n<div id=\"themify_builder_content-81\" data-postid=\"81\" class=\"themify_builder_content themify_builder_content-81 themify_builder tf_clear\">\n                    <div  data-lazy=\"1\" class=\"module_row themify_builder_row tb_q0tw663 tb_first tf_w\">\n                        <div class=\"row_inner col_align_top tb_col_count_1 tf_box tf_rel\">\n                        <div  data-lazy=\"1\" class=\"module_column tb-column col-full tb_ukdd663 first\">\n                    <!-- module text -->\n<div  class=\"module module-text tb_go7t516   \" data-lazy=\"1\">\n        <div  class=\"tb_text_wrap\">\n        <h2>Impressum<\/h2>\n<p><b>Schweizerische Volkspartei<br \/><\/b><b>Sektion Birmensdorf<\/b><\/p>\n<p><b>Adresse:<br \/><\/b>Yannik H\u00e4lg<br \/>Stallikonerstrasse 68<br \/>8903 Birmensdorf<br \/>+41 76 434 22 34<\/p>\n<h2><b>Disclaimer &#8211; Haftungsausschluss<\/b><\/h2>\n<h3><b>1. Grunds\u00e4tzliches<\/b><\/h3>\n<p>Die Autoren dieser Homepage \u00fcbernehmen keinerlei Gew\u00e4hr f\u00fcr Richtigkeit, Aktualit\u00e4t, Vollst\u00e4ndigkeit der bereitgestellten Informationen. Personen-, Sach- und Verm\u00f6genshaftungsanspr\u00fcche aufgrund fehler- oder l\u00fcckenhafter Informationen sind gegen\u00fcber den Inhabern dieser Seite ausgeschlossen. Allf\u00e4llige Angebote sind freibleibend und unverbindlich.<\/p>\n<h3><b>2. Verweise und Links<\/b><\/h3>\n<p>Zum Zeitpunkt der Linksetzung waren auf den verlinkten Seiten keine Inhalte zu erkennen, die gegen geltende Gesetze verstiessen oder als illegal einzustufen w\u00e4ren. Nach der Linksetzung ver\u00e4nderte Seiten entziehen sich dem Einfluss der Inhaber dieser Homepage und es wird ausdr\u00fccklich keine Haftung f\u00fcr diese gegebenenfalls nachtr\u00e4glich ver\u00e4nderten Linkseiten und deren Unterseiten \u00fcbernommen. Eintragungen in G\u00e4steb\u00fccher, die gegen die guten Sitten verstossen oder illegalen Charakter haben, werden nach Kenntnis sofort gel\u00f6scht.<\/p>\n<h3><b>3. Datenschutz<\/b><\/h3>\n<p>Es ist nicht gestattet, die im Impressum, Kontaktformular oder an anderer Stelle freiwillig oder aufgrund gesetzlicher Vorschriften angegeben Kontaktdaten (insbesondere Postanschrift, Telefon- oder Fax-Nummer, eMailadressen) zu Spamzwecken zu nutzen oder in sonstiger Weise dazu zu nutzen, unverlangte Informationen zu \u00fcbersenden. Die Eingabe von eMailadressen oder \u00e4hnlichen Kontaktdaten in Kontaktformularen erfolgt freiwillig. Die Inhaber dieser Homepage garantieren ausdr\u00fccklich, dass alle ihnen zugegangenen Daten, beispielsweise aus eMail\u00fcbermittlungen, per Post oder FAX vertraulich behandelt und nicht an Dritte weitergegeben werden. Ausnahme: Personenbezogene Daten werden nur dann Dritten mitgeteilt, wenn es sich um Partner handelt, die bei der Leistungserbringung behilflich sind.<\/p>\n<h3><b>4. Keine Beratung<\/b><\/h3>\n<p>Die bereitgestellten Informationen stellen trotz sorgf\u00e4ltiger Recherche und Bearbeitung nur unverbindliche Auffassungen und Beschreibungen dar und bedeuten keine Beratung, weder in steuerlicher, rechtlicher oder sonstiger Hinsicht. Zitierte Gesetzestexte, amtliche Vorschriften, Verordnungen und \u00e4hnliche Publikationen k\u00f6nnen bereits \u00fcberholt sein bzw. nicht mehr der aktuellen Rechtslage entsprechen, werden jedoch nach Kenntnis dem aktuellen Stand angepasst. Diese Aussage gilt f\u00fcr bereitgestellte Informationen jeglicher Art.<\/p>\n<h3><b>5. Rechte Dritter<\/b><\/h3>\n<p>Die Rechte Dritter, der in dieser Internetpr\u00e4senz genannten Markennamen, Warenzeichen oder Wortmarken sind wir stets bestrebt zu wahren. Eine Nennung oder Abbildung dient lediglich der lexikalischen Erl\u00e4uterung und Verdeutlichung. Sollte gegen ein Zeichen- oder Markenrecht trotz aller Sorgfalt verstossen worden sein, so gen\u00fcgt zur Kl\u00e4rung eine kurze Mail an den Webmaster@svp-birmensdorf.ch.<\/p>\n<h3><b>6. Nutzung von Inhalten dieser Homepage<\/b><\/h3>\n<p>Eine Vervielf\u00e4ltigung einer, mehrerer oder aller Seiten des Internetauftritts bedarf der vorherigen schriftlichen Genehmigung.<\/p>\n<h3><b>7. Hinweis zur Anrede in dieser Internetpr\u00e4senz<\/b><\/h3>\n<p>Im Text wird ausschliesslich aus Gr\u00fcnden der leichteren Lesbarkeit die m\u00e4nnliche Anredeform verwendet.<br \/><br \/>SVP Birmensdorf<\/p>    <\/div>\n<\/div>\n<!-- \/module text -->        <\/div>\n                        <\/div>\n        <\/div>\n        <\/div>\n<!--\/themify_builder_content-->","protected":false},"excerpt":{"rendered":"<p>Impressum Schweizerische VolksparteiSektion Birmensdorf Adresse:Yannik H\u00e4lgStallikonerstrasse 688903 Birmensdorf+41 76 434 22 34 Disclaimer &#8211; Haftungsausschluss 1. Grunds\u00e4tzliches Die Autoren dieser Homepage \u00fcbernehmen keinerlei Gew\u00e4hr f\u00fcr Richtigkeit, Aktualit\u00e4t, Vollst\u00e4ndigkeit der bereitgestellten Informationen. Personen-, Sach- und Verm\u00f6genshaftungsanspr\u00fcche aufgrund fehler- oder l\u00fcckenhafter Informationen sind gegen\u00fcber den Inhabern dieser Seite ausgeschlossen. Allf\u00e4llige Angebote sind freibleibend und unverbindlich. 2. Verweise [&hellip;]<\/p>\n","protected":false},"author":1,"featured_media":0,"parent":0,"menu_order":0,"comment_status":"closed","ping_status":"closed","template":"","meta":{"inline_featured_image":false,"footnotes":""},"class_list":["post-81","page","type-page","status-publish","hentry","has-post-title","has-post-date","has-post-category","has-post-tag","has-post-comment","has-post-author",""],"builder_content":"<h2>Impressum<\/h2> <p><b>Schweizerische Volkspartei<br \/><\/b><b>Sektion Birmensdorf<\/b><\/p> <p><b>Adresse:<br \/><\/b>Yannik H\u00e4lg<br \/>Stallikonerstrasse 68<br \/>8903 Birmensdorf<br \/>+41 76 434 22 34<\/p> <h2><b>Disclaimer - Haftungsausschluss<\/b><\/h2> <h3><b>1. Grunds\u00e4tzliches<\/b><\/h3> <p>Die Autoren dieser Homepage \u00fcbernehmen keinerlei Gew\u00e4hr f\u00fcr Richtigkeit, Aktualit\u00e4t, Vollst\u00e4ndigkeit der bereitgestellten Informationen. Personen-, Sach- und Verm\u00f6genshaftungsanspr\u00fcche aufgrund fehler- oder l\u00fcckenhafter Informationen sind gegen\u00fcber den Inhabern dieser Seite ausgeschlossen. Allf\u00e4llige Angebote sind freibleibend und unverbindlich.<\/p> <h3><b>2. Verweise und Links<\/b><\/h3> <p>Zum Zeitpunkt der Linksetzung waren auf den verlinkten Seiten keine Inhalte zu erkennen, die gegen geltende Gesetze verstiessen oder als illegal einzustufen w\u00e4ren. Nach der Linksetzung ver\u00e4nderte Seiten entziehen sich dem Einfluss der Inhaber dieser Homepage und es wird ausdr\u00fccklich keine Haftung f\u00fcr diese gegebenenfalls nachtr\u00e4glich ver\u00e4nderten Linkseiten und deren Unterseiten \u00fcbernommen. Eintragungen in G\u00e4steb\u00fccher, die gegen die guten Sitten verstossen oder illegalen Charakter haben, werden nach Kenntnis sofort gel\u00f6scht.<\/p> <h3><b>3. Datenschutz<\/b><\/h3> <p>Es ist nicht gestattet, die im Impressum, Kontaktformular oder an anderer Stelle freiwillig oder aufgrund gesetzlicher Vorschriften angegeben Kontaktdaten (insbesondere Postanschrift, Telefon- oder Fax-Nummer, eMailadressen) zu Spamzwecken zu nutzen oder in sonstiger Weise dazu zu nutzen, unverlangte Informationen zu \u00fcbersenden. Die Eingabe von eMailadressen oder \u00e4hnlichen Kontaktdaten in Kontaktformularen erfolgt freiwillig. Die Inhaber dieser Homepage garantieren ausdr\u00fccklich, dass alle ihnen zugegangenen Daten, beispielsweise aus eMail\u00fcbermittlungen, per Post oder FAX vertraulich behandelt und nicht an Dritte weitergegeben werden. Ausnahme: Personenbezogene Daten werden nur dann Dritten mitgeteilt, wenn es sich um Partner handelt, die bei der Leistungserbringung behilflich sind.<\/p> <h3><b>4. Keine Beratung<\/b><\/h3> <p>Die bereitgestellten Informationen stellen trotz sorgf\u00e4ltiger Recherche und Bearbeitung nur unverbindliche Auffassungen und Beschreibungen dar und bedeuten keine Beratung, weder in steuerlicher, rechtlicher oder sonstiger Hinsicht. Zitierte Gesetzestexte, amtliche Vorschriften, Verordnungen und \u00e4hnliche Publikationen k\u00f6nnen bereits \u00fcberholt sein bzw. nicht mehr der aktuellen Rechtslage entsprechen, werden jedoch nach Kenntnis dem aktuellen Stand angepasst. Diese Aussage gilt f\u00fcr bereitgestellte Informationen jeglicher Art.<\/p> <h3><b>5. Rechte Dritter<\/b><\/h3> <p>Die Rechte Dritter, der in dieser Internetpr\u00e4senz genannten Markennamen, Warenzeichen oder Wortmarken sind wir stets bestrebt zu wahren. Eine Nennung oder Abbildung dient lediglich der lexikalischen Erl\u00e4uterung und Verdeutlichung. Sollte gegen ein Zeichen- oder Markenrecht trotz aller Sorgfalt verstossen worden sein, so gen\u00fcgt zur Kl\u00e4rung eine kurze Mail an den Webmaster@svp-birmensdorf.ch.<\/p> <h3><b>6. Nutzung von Inhalten dieser Homepage<\/b><\/h3> <p>Eine Vervielf\u00e4ltigung einer, mehrerer oder aller Seiten des Internetauftritts bedarf der vorherigen schriftlichen Genehmigung.<\/p> <h3><b>7. Hinweis zur Anrede in dieser Internetpr\u00e4senz<\/b><\/h3> <p>Im Text wird ausschliesslich aus Gr\u00fcnden der leichteren Lesbarkeit die m\u00e4nnliche Anredeform verwendet.<br \/><br \/>SVP Birmensdorf<\/p>","_links":{"self":[{"href":"https:\/\/svp-birmensdorf.ch\/index.php\/wp-json\/wp\/v2\/pages\/81","targetHints":{"allow":["GET"]}}],"collection":[{"href":"https:\/\/svp-birmensdorf.ch\/index.php\/wp-json\/wp\/v2\/pages"}],"about":[{"href":"https:\/\/svp-birmensdorf.ch\/index.php\/wp-json\/wp\/v2\/types\/page"}],"author":[{"embeddable":true,"href":"https:\/\/svp-birmensdorf.ch\/index.php\/wp-json\/wp\/v2\/users\/1"}],"replies":[{"embeddable":true,"href":"https:\/\/svp-birmensdorf.ch\/index.php\/wp-json\/wp\/v2\/comments?post=81"}],"version-history":[{"count":5,"href":"https:\/\/svp-birmensdorf.ch\/index.php\/wp-json\/wp\/v2\/pages\/81\/revisions"}],"predecessor-version":[{"id":85,"href":"https:\/\/svp-birmensdorf.ch\/index.php\/wp-json\/wp\/v2\/pages\/81\/revisions\/85"}],"wp:attachment":[{"href":"https:\/\/svp-birmensdorf.ch\/index.php\/wp-json\/wp\/v2\/media?parent=81"}],"curies":[{"name":"wp","href":"https:\/\/api.w.org\/{rel}","templated":true}]}}